{"id":20,"date":"2022-08-31T18:08:19","date_gmt":"2022-08-31T18:08:19","guid":{"rendered":"https:\/\/www.encuentroprofesionalcomicgranada.com\/?page_id=20"},"modified":"2022-09-13T11:10:25","modified_gmt":"2022-09-13T11:10:25","slug":"invitados-as","status":"publish","type":"page","link":"https:\/\/www.encuentroprofesionalcomicgranada.com\/?page_id=20","title":{"rendered":"Invitados\/as"},"content":{"rendered":"\t\t<div data-elementor-type=\"wp-page\" data-elementor-id=\"20\" class=\"elementor elementor-20\">\n\t\t\t\t\t\t\t\t\t<section class=\"elementor-section elementor-top-section elementor-element elementor-element-88a5a7d elementor-section-boxed elementor-section-height-default elementor-section-height-default\" data-id=\"88a5a7d\" data-element_type=\"section\">\n\t\t\t\t\t\t<div class=\"elementor-container elementor-column-gap-default\">\n\t\t\t\t\t<div class=\"elementor-column elementor-col-50 elementor-top-column elementor-element elementor-element-d1450ec\" data-id=\"d1450ec\" data-element_type=\"column\">\n\t\t\t<div class=\"elementor-widget-wrap elementor-element-populated\">\n\t\t\t\t\t\t\t\t<div class=\"elementor-element elementor-element-5445ce3 elementor-position-top elementor-vertical-align-top elementor-widget elementor-widget-image-box\" data-id=\"5445ce3\" data-element_type=\"widget\" data-widget_type=\"image-box.default\">\n\t\t\t\t<div class=\"elementor-widget-container\">\n\t\t\t<style>\/*! elementor - v3.7.4 - 31-08-2022 *\/\n.elementor-widget-image-box .elementor-image-box-content{width:100%}@media (min-width:768px){.elementor-widget-image-box.elementor-position-left .elementor-image-box-wrapper,.elementor-widget-image-box.elementor-position-right .elementor-image-box-wrapper{display:-webkit-box;display:-ms-flexbox;display:flex}.elementor-widget-image-box.elementor-position-right .elementor-image-box-wrapper{text-align:right;-webkit-box-orient:horizontal;-webkit-box-direction:reverse;-ms-flex-direction:row-reverse;flex-direction:row-reverse}.elementor-widget-image-box.elementor-position-left .elementor-image-box-wrapper{text-align:left;-webkit-box-orient:horizontal;-webkit-box-direction:normal;-ms-flex-direction:row;flex-direction:row}.elementor-widget-image-box.elementor-position-top .elementor-image-box-img{margin:auto}.elementor-widget-image-box.elementor-vertical-align-top .elementor-image-box-wrapper{-webkit-box-align:start;-ms-flex-align:start;align-items:flex-start}.elementor-widget-image-box.elementor-vertical-align-middle .elementor-image-box-wrapper{-webkit-box-align:center;-ms-flex-align:center;align-items:center}.elementor-widget-image-box.elementor-vertical-align-bottom .elementor-image-box-wrapper{-webkit-box-align:end;-ms-flex-align:end;align-items:flex-end}}@media (max-width:767px){.elementor-widget-image-box .elementor-image-box-img{margin-left:auto!important;margin-right:auto!important;margin-bottom:15px}}.elementor-widget-image-box .elementor-image-box-img{display:inline-block}.elementor-widget-image-box .elementor-image-box-title a{color:inherit}.elementor-widget-image-box .elementor-image-box-wrapper{text-align:center}.elementor-widget-image-box .elementor-image-box-description{margin:0}<\/style><div class=\"elementor-image-box-wrapper\"><figure class=\"elementor-image-box-img\"><a href=\"https:\/\/www.instagram.com\/jaumevaquer\/\" target=\"_blank\"><img loading=\"lazy\" decoding=\"async\" width=\"478\" height=\"531\" src=\"https:\/\/www.encuentroprofesionalcomicgranada.com\/wp-content\/uploads\/2022\/09\/fotojaume-1.jpg\" class=\"attachment-full size-full\" alt=\"\" \/><\/a><\/figure><div class=\"elementor-image-box-content\"><h3 class=\"elementor-image-box-title\"><a href=\"https:\/\/www.instagram.com\/jaumevaquer\/\" target=\"_blank\">Jaume Vaquer<\/a><\/h3><p class=\"elementor-image-box-description\">Jaume Vaquer es un farmac\u00e9utico mallorqu\u00edn (Palma, 1966) que ejerce de cr\u00edtico y editor de c\u00f3mic, siendo en este campo uno de los mayores coleccionistas privados de originales de Europa.<\/p><\/div><\/div>\t\t<\/div>\n\t\t\t\t<\/div>\n\t\t\t\t\t<\/div>\n\t\t<\/div>\n\t\t\t\t<div class=\"elementor-column elementor-col-50 elementor-top-column elementor-element elementor-element-a211614\" data-id=\"a211614\" data-element_type=\"column\">\n\t\t\t<div class=\"elementor-widget-wrap elementor-element-populated\">\n\t\t\t\t\t\t\t\t<div class=\"elementor-element elementor-element-59f0d4b elementor-position-top elementor-vertical-align-top elementor-widget elementor-widget-image-box\" data-id=\"59f0d4b\" data-element_type=\"widget\" data-widget_type=\"image-box.default\">\n\t\t\t\t<div class=\"elementor-widget-container\">\n\t\t\t<div class=\"elementor-image-box-wrapper\"><figure class=\"elementor-image-box-img\"><a href=\"https:\/\/www.instagram.com\/emiliogonzalomallo\/\" target=\"_blank\"><img loading=\"lazy\" decoding=\"async\" width=\"531\" height=\"531\" src=\"https:\/\/www.encuentroprofesionalcomicgranada.com\/wp-content\/uploads\/2022\/09\/fotoemilio-1.jpg\" class=\"attachment-full size-full\" alt=\"\" \/><\/a><\/figure><div class=\"elementor-image-box-content\"><h3 class=\"elementor-image-box-title\"><a href=\"https:\/\/www.instagram.com\/emiliogonzalomallo\/\" target=\"_blank\">Emilio Gonzalo<\/a><\/h3><p class=\"elementor-image-box-description\">Presidente ASOCIACION ESPA\u00d1OLA AMIGOS DEL COMIC desde 2002. Secretario y Tesorero SECTORIAL DEL COMIC desde 2021 hasta la actualidad. Director EXPOCOMIC y EXPOMANGA desde 2002 hasta 2016. Gestor cultural y coordinador de actividades sobre c\u00f3mic y manga en diversas instituciones.<\/p><\/div><\/div>\t\t<\/div>\n\t\t\t\t<\/div>\n\t\t\t\t\t<\/div>\n\t\t<\/div>\n\t\t\t\t\t\t\t<\/div>\n\t\t<\/section>\n\t\t\t\t<section class=\"elementor-section elementor-top-section elementor-element elementor-element-62d4c6e elementor-section-boxed elementor-section-height-default elementor-section-height-default\" data-id=\"62d4c6e\" data-element_type=\"section\">\n\t\t\t\t\t\t<div class=\"elementor-container elementor-column-gap-default\">\n\t\t\t\t\t<div class=\"elementor-column elementor-col-50 elementor-top-column elementor-element elementor-element-f242e83\" data-id=\"f242e83\" data-element_type=\"column\">\n\t\t\t<div class=\"elementor-widget-wrap elementor-element-populated\">\n\t\t\t\t\t\t\t\t<div class=\"elementor-element elementor-element-1734879 elementor-position-top elementor-vertical-align-top elementor-widget elementor-widget-image-box\" data-id=\"1734879\" data-element_type=\"widget\" data-widget_type=\"image-box.default\">\n\t\t\t\t<div class=\"elementor-widget-container\">\n\t\t\t<div class=\"elementor-image-box-wrapper\"><figure class=\"elementor-image-box-img\"><a href=\"https:\/\/www.instagram.com\/radebuagency\/\" target=\"_blank\"><img loading=\"lazy\" decoding=\"async\" width=\"421\" height=\"531\" src=\"https:\/\/www.encuentroprofesionalcomicgranada.com\/wp-content\/uploads\/2022\/09\/foto-joaquin-1.jpg\" class=\"attachment-full size-full\" alt=\"\" \/><\/a><\/figure><div class=\"elementor-image-box-content\"><h3 class=\"elementor-image-box-title\"><a href=\"https:\/\/www.instagram.com\/radebuagency\/\" target=\"_blank\">Joaqu\u00edn Garc\u00eda<\/a><\/h3><p class=\"elementor-image-box-description\">Author Manager y Community Manager de Radebu Agency. Despu\u00e9s de treinta a\u00f1os relacionado con la industria del c\u00f3mic, donde ha trabajado como dibujante, entintador, y editor, empez\u00f3 hace catorce a\u00f1os como agente junto a Patricia Ferrer. En 2019 se une a Sequetial Alliance, donde crea un colectivo de agentes que se unen en 2020 a la Sectorial Del C\u00f3mic.<\/p><\/div><\/div>\t\t<\/div>\n\t\t\t\t<\/div>\n\t\t\t\t\t<\/div>\n\t\t<\/div>\n\t\t\t\t<div class=\"elementor-column elementor-col-50 elementor-top-column elementor-element elementor-element-068a964\" data-id=\"068a964\" data-element_type=\"column\">\n\t\t\t<div class=\"elementor-widget-wrap elementor-element-populated\">\n\t\t\t\t\t\t\t\t<div class=\"elementor-element elementor-element-2295323 elementor-position-top elementor-vertical-align-top elementor-widget elementor-widget-image-box\" data-id=\"2295323\" data-element_type=\"widget\" data-widget_type=\"image-box.default\">\n\t\t\t\t<div class=\"elementor-widget-container\">\n\t\t\t<div class=\"elementor-image-box-wrapper\"><figure class=\"elementor-image-box-img\"><a href=\"https:\/\/www.instagram.com\/juanroyoabenia\/\" target=\"_blank\"><img loading=\"lazy\" decoding=\"async\" width=\"531\" height=\"524\" src=\"https:\/\/www.encuentroprofesionalcomicgranada.com\/wp-content\/uploads\/2022\/09\/fotojuanroyo2-1.jpg\" class=\"attachment-full size-full\" alt=\"\" \/><\/a><\/figure><div class=\"elementor-image-box-content\"><h3 class=\"elementor-image-box-title\"><a href=\"https:\/\/www.instagram.com\/juanroyoabenia\/\" target=\"_blank\">Juan Royo<\/a><\/h3><p class=\"elementor-image-box-description\">Premio divulgaci\u00f3n del c\u00f3mic AACE, AAAC, Diario de Avisos y Sal\u00f3n de Barcelona. Autor de Un mundo en vi\u00f1etas y Un tratado de C\u00f3mic. Comisario de exposiciones como Una visi\u00f3n del c\u00f3mic en Espa\u00f1a  Homenaje al Juez Dredd o Goya y el c\u00f3mic.\nEconomista y activista por la discapacidad.<\/p><\/div><\/div>\t\t<\/div>\n\t\t\t\t<\/div>\n\t\t\t\t\t<\/div>\n\t\t<\/div>\n\t\t\t\t\t\t\t<\/div>\n\t\t<\/section>\n\t\t\t\t\t\t\t<\/div>\n\t\t","protected":false},"excerpt":{"rendered":"<p>Jaume Vaquer Jaume Vaquer es un farmac\u00e9utico mallorqu\u00edn (Palma, 1966) que ejerce de cr\u00edtico y editor de c\u00f3mic, siendo en este campo uno de los mayores coleccionistas privados de originales de Europa. Emilio Gonzalo Presidente ASOCIACION ESPA\u00d1OLA AMIGOS DEL COMIC desde 2002. Secretario y Tesorero SECTORIAL DEL COMIC desde 2021 hasta la actualidad. Director EXPOCOMIC &hellip;<\/p>\n<p class=\"read-more\"> <a class=\"\" href=\"https:\/\/www.encuentroprofesionalcomicgranada.com\/?page_id=20\"> <span class=\"screen-reader-text\">Invitados\/as<\/span> Leer m\u00e1s &raquo;<\/a><\/p>\n","protected":false},"author":1,"featured_media":0,"parent":0,"menu_order":0,"comment_status":"closed","ping_status":"closed","template":"","meta":{"site-sidebar-layout":"no-sidebar","site-content-layout":"page-builder","ast-global-header-display":"","ast-main-header-display":"","ast-hfb-above-header-display":"","ast-hfb-below-header-display":"","ast-hfb-mobile-header-display":"","site-post-title":"disabled","ast-breadcrumbs-content":"","ast-featured-img":"disabled","footer-sml-layout":"","theme-transparent-header-meta":"","adv-header-id-meta":"","stick-header-meta":"","header-above-stick-meta":"","header-main-stick-meta":"","header-below-stick-meta":"","footnotes":""},"class_list":["post-20","page","type-page","status-publish","hentry"],"_links":{"self":[{"href":"https:\/\/www.encuentroprofesionalcomicgranada.com\/index.php?rest_route=\/wp\/v2\/pages\/20","targetHints":{"allow":["GET"]}}],"collection":[{"href":"https:\/\/www.encuentroprofesionalcomicgranada.com\/index.php?rest_route=\/wp\/v2\/pages"}],"about":[{"href":"https:\/\/www.encuentroprofesionalcomicgranada.com\/index.php?rest_route=\/wp\/v2\/types\/page"}],"author":[{"embeddable":true,"href":"https:\/\/www.encuentroprofesionalcomicgranada.com\/index.php?rest_route=\/wp\/v2\/users\/1"}],"replies":[{"embeddable":true,"href":"https:\/\/www.encuentroprofesionalcomicgranada.com\/index.php?rest_route=%2Fwp%2Fv2%2Fcomments&post=20"}],"version-history":[{"count":22,"href":"https:\/\/www.encuentroprofesionalcomicgranada.com\/index.php?rest_route=\/wp\/v2\/pages\/20\/revisions"}],"predecessor-version":[{"id":64,"href":"https:\/\/www.encuentroprofesionalcomicgranada.com\/index.php?rest_route=\/wp\/v2\/pages\/20\/revisions\/64"}],"wp:attachment":[{"href":"https:\/\/www.encuentroprofesionalcomicgranada.com\/index.php?rest_route=%2Fwp%2Fv2%2Fmedia&parent=20"}],"curies":[{"name":"wp","href":"https:\/\/api.w.org\/{rel}","templated":true}]}}